{"id":1101,"date":"2023-05-24T08:44:02","date_gmt":"2023-05-24T07:44:02","guid":{"rendered":"https:\/\/supersimonev8.com\/cookie-policy\/"},"modified":"2023-06-14T22:17:34","modified_gmt":"2023-06-14T21:17:34","slug":"cookie-policy","status":"publish","type":"page","link":"https:\/\/supersimonev8.com\/fr\/cookie-policy\/","title":{"rendered":"COOKIE POLICY"},"content":{"rendered":"\t\t<div data-elementor-type=\"wp-page\" data-elementor-id=\"1101\" class=\"elementor elementor-1101 elementor-700\" data-elementor-post-type=\"page\">\n\t\t\t\t\t\t<section class=\"elementor-section elementor-top-section elementor-element elementor-element-cc6ce36 elementor-section-boxed elementor-section-height-default elementor-section-height-default\" data-id=\"cc6ce36\" data-element_type=\"section\" data-e-type=\"section\">\n\t\t\t\t\t\t<div class=\"elementor-container elementor-column-gap-default\">\n\t\t\t\t\t<div class=\"elementor-column elementor-col-100 elementor-top-column elementor-element elementor-element-4857562\" data-id=\"4857562\" data-element_type=\"column\" data-e-type=\"column\">\n\t\t\t<div class=\"elementor-widget-wrap elementor-element-populated\">\n\t\t\t\t\t\t<div class=\"elementor-element elementor-element-85811f7 elementor-widget elementor-widget-text-editor\" data-id=\"85811f7\" data-element_type=\"widget\" data-e-type=\"widget\" data-widget_type=\"text-editor.default\">\n\t\t\t\t<div class=\"elementor-widget-container\">\n\t\t\t\t\t\t\t\t\t<p><strong>COOKIE POLICY <\/strong><\/p>\n<p>La pr\u00e9sente note d&rsquo;information (ou \u00ab\u00a0politique de confidentialit\u00e9\u00a0\u00bb) d\u00e9crit la gestion du site web <a href=\"http:\/\/www.venditaimballaggi.com\/\" target=\"_blank\" rel=\"noopener\">www.supersimonev8.com<\/a> en ce qui concerne le traitement des donn\u00e9es personnelles des utilisateurs qui le consultent et des clients qui concluent un contrat Claudio Campesato La pr\u00e9sente note d&rsquo;information est fournie conform\u00e9ment \u00e0 l&rsquo;art. 13 d.lgs. 196\/2003 (Code de protection des donn\u00e9es personnelles, \u00ab\u00a0Code de protection de la vie priv\u00e9e\u00a0\u00bb). Elle n&rsquo;est faite que pour le site <a href=\"http:\/\/www.simmimballaggi.com\/\" target=\"_blank\" rel=\"noopener\">www.supersimonev8.com<\/a> et non pour les sites tiers qui peuvent \u00eatre consult\u00e9s par l&rsquo;utilisateur par le biais de liens.<\/p>\n<p> Pour faciliter la lecture, un index de la politique de confidentialit\u00e9 est donn\u00e9 ci-dessous :<\/p>\n<\/p>\n<p><strong>Art. 1. OBJECTIFS ET M\u00c9THODES DE TRAITEMENT<\/strong><\/p>\n<ol>\n<li>Les donn\u00e9es seront trait\u00e9es \u00e0 des fins institutionnelles, li\u00e9es et\/ou utiles \u00e0 l&rsquo;ex\u00e9cution d&rsquo;un contrat ou, en tout \u00e9tat de cause, pour permettre l&rsquo;acc\u00e8s au site susmentionn\u00e9 et, en particulier :<\/li>\n<li>a) pour ex\u00e9cuter un service ou une ou plusieurs op\u00e9rations convenues contractuellement ; \u00e0 cette fin, les donn\u00e9es peuvent \u00eatre communiqu\u00e9es \u00e0 des tiers dont Claudio Campesato peut et\/ou doit se pr\u00e9valoir de la coop\u00e9ration pour l&rsquo;ex\u00e9cution des finalit\u00e9s susmentionn\u00e9es ;<\/li>\n<li>(b) ex\u00e9cuter, en g\u00e9n\u00e9ral, des obligations l\u00e9gales ;<\/li>\n<li>c) pour des exigences op\u00e9rationnelles et de gestion internes \u00e0 Claudio Campesato et inh\u00e9rentes aux services et\/ou produits offerts.<\/li>\n<li>En cas de manifestation explicite et facultative du consentement, les donn\u00e9es seront trait\u00e9es \u00e0 des fins de marketing et\/ou de promotion commerciale, y compris le mat\u00e9riel publicitaire imprim\u00e9 et\/ou num\u00e9rique, relatif aux services et\/ou aux produits offerts par Claudio Campesato. Pour plus de d\u00e9tails, voir l&rsquo;art. 5.<\/li>\n<li>Les donn\u00e9es seront trait\u00e9es de mani\u00e8re licite et loyale et ne seront utilis\u00e9es qu&rsquo;aux fins \u00e9nonc\u00e9es dans les paragraphes pr\u00e9c\u00e9dents ; pour plus de d\u00e9tails, voir \u00e9galement l&rsquo;art. 5. Les donn\u00e9es seront trait\u00e9es \u00e0 l&rsquo;aide d&rsquo;instruments qui garantissent leur s\u00e9curit\u00e9 et leur confidentialit\u00e9 et peuvent \u00eatre effectu\u00e9es \u00e0 l&rsquo;aide d&rsquo;outils papier et\/ou automatis\u00e9s pour le stockage, la gestion et la transmission des donn\u00e9es. Les donn\u00e9es seront conserv\u00e9es pendant la dur\u00e9e prescrite par la loi.\n<\/li>\n<li><strong> RESPONSABLE DU TRAITEMENT DES DONN\u00c9ES<\/strong><\/li>\n<li>Suite \u00e0 la consultation de ce site et \u00e0 la conclusion du contrat de vente, des donn\u00e9es relatives \u00e0 des personnes identifi\u00e9es ou identifiables peuvent \u00eatre trait\u00e9es. Le responsable du traitement des donn\u00e9es est Claudio Campesato\n<\/li>\n<li><strong> LIEU DU TRAITEMENT DES DONN\u00c9ES <\/strong><strong>\n<p><\/strong>Les traitements li\u00e9s aux services web de ce site ont lieu au si\u00e8ge de Claudio Campesato, sauf exceptions explicites, et sont effectu\u00e9s uniquement par le personnel technique de Claudio Campesato charg\u00e9 du traitement. Le service d&rsquo;h\u00e9bergement du site garantit, dans la mesure de ses comp\u00e9tences, le respect de la l\u00e9gislation en vigueur. Les donn\u00e9es acquises via le web, ou en tout cas d\u00e9rivant des services web, peuvent \u00eatre communiqu\u00e9es aux partenaires technologiques et instrumentaux que le Titulaire du traitement utilise pour fournir les services demand\u00e9s par les utilisateurs\/visiteurs\/clients. Claudio Campesato garantit, dans tous les cas, le respect de la l\u00e9gislation en vigueur.<\/li>\n<li>\n<p><strong> TYPES DE DONN\u00c9ES TRAIT\u00c9ES\/TRAITEMENT SP\u00c9CIFIQUE<\/strong><\/li>\n<\/ol>\n<p>En fonction du service rendu, diff\u00e9rents types de donn\u00e9es personnelles peuvent \u00eatre trait\u00e9s. La sp\u00e9cification de chaque traitement peut \u00eatre consult\u00e9e dans cet article.<\/p>\n<p><strong>5.1 Donn\u00e9es de navigation<\/strong><br \/>Les syst\u00e8mes informatiques et les proc\u00e9dures logicielles utilis\u00e9s pour le fonctionnement de ce site web acqui\u00e8rent, au cours de leur fonctionnement normal, certaines donn\u00e9es personnelles dont la transmission est implicite dans la navigation sur le site web.<br \/>Les informations susmentionn\u00e9es ne sont pas collect\u00e9es dans le but d&rsquo;\u00eatre associ\u00e9es \u00e0 des personnes identifi\u00e9es ; toutefois, de par leur nature m\u00eame, elles pourraient, par le biais du traitement et de l&rsquo;association avec des donn\u00e9es d\u00e9tenues par des tiers, permettre d&rsquo;identifier les utilisateurs. Il s&rsquo;agit notamment des adresses IP ou des noms de domaine des ordinateurs utilis\u00e9s par les utilisateurs qui se connectent au site, des adresses URL des ressources demand\u00e9es, de l&rsquo;heure de la demande, de la m\u00e9thode utilis\u00e9e pour soumettre la demande au serveur, de la taille du fichier obtenu en r\u00e9ponse, du code num\u00e9rique indiquant l&rsquo;\u00e9tat de la r\u00e9ponse donn\u00e9e par le serveur et d&rsquo;autres param\u00e8tres relatifs au syst\u00e8me d&rsquo;exploitation et \u00e0 la plate-forme utilis\u00e9s par l&rsquo;utilisateur.<br \/>Les donn\u00e9es susmentionn\u00e9es sont utilis\u00e9es dans le seul but d&rsquo;obtenir des informations statistiques anonymes sur l&rsquo;utilisation du site et de v\u00e9rifier son bon fonctionnement ; elles sont effac\u00e9es imm\u00e9diatement apr\u00e8s leur traitement. Les donn\u00e9es pourraient \u00eatre utilis\u00e9es pour d\u00e9terminer la responsabilit\u00e9 en cas d&rsquo;hypoth\u00e9tiques d\u00e9lits informatiques contre le site : sauf pour cette \u00e9ventualit\u00e9, les donn\u00e9es de contact sur le web ne persistent actuellement pas plus de sept jours. En ce qui concerne les cookies, veuillez vous r\u00e9f\u00e9rer \u00e0 la section 5.4.<\/p>\n<p><strong>5.2 Donn\u00e9es fournies volontairement par l&rsquo;utilisateur<\/strong><br \/>L&rsquo;envoi facultatif, explicite et volontaire de donn\u00e9es et\/ou de courrier \u00e9lectronique aux adresses indiqu\u00e9es sur ce site, y compris par le biais des formulaires de contact \u00e9ventuellement mis \u00e0 disposition, entra\u00eene l&rsquo;acquisition ult\u00e9rieure de l&rsquo;adresse de l&rsquo;exp\u00e9diteur, n\u00e9cessaire pour r\u00e9pondre aux demandes, ainsi que d&rsquo;\u00e9ventuelles autres donn\u00e9es personnelles incluses dans le message.<br \/>Des informations r\u00e9capitulatives sp\u00e9cifiques sont disponibles sur les pages du site consacr\u00e9es \u00e0 des services particuliers, sur demande, en renvoyant \u00e9galement \u00e0 des sections sp\u00e9cifiques de la pr\u00e9sente politique de protection de la vie priv\u00e9e.<\/p>\n<p><strong>5.3 Newsletter <\/strong><strong><br \/><\/strong>La newsletter de Claudio Campesato est envoy\u00e9e par e-mail aux personnes qui en font la demande explicite en remplissant le formulaire sur <a href=\"http:\/\/www.simmimballaggi.com\/\" target=\"_blank\" rel=\"noopener\">www.supersimonev8.com<\/a> et en autorisant Claudio Campesato \u00e0 traiter leurs donn\u00e9es personnelles aux fins susmentionn\u00e9es.<strong><\/p>\n<p><\/strong><u>Consentement<\/u> : la fourniture de donn\u00e9es n&rsquo;est obligatoire que pour recevoir la lettre d&rsquo;information : le refus de fournir ces donn\u00e9es entra\u00eene l&rsquo;impossibilit\u00e9 d&rsquo;utiliser le service de lettre d&rsquo;information, mais il n&rsquo;y a pas d&rsquo;autres cons\u00e9quences.<br \/><u>Objectif<\/u> : Les donn\u00e9es personnelles fournies par les utilisateurs sont utilis\u00e9es dans le seul but d&rsquo;envoyer la lettre d&rsquo;information et ne seront pas divulgu\u00e9es \u00e0 des tiers.<br \/><u>Modalit\u00e9s<\/u> : Les donn\u00e9es collect\u00e9es sont trait\u00e9es \u00e0 l&rsquo;aide d&rsquo;outils informatiques. Des mesures de s\u00e9curit\u00e9 appropri\u00e9es sont observ\u00e9es pour pr\u00e9venir la perte de donn\u00e9es, l&rsquo;utilisation ill\u00e9gale ou incorrecte et l&rsquo;acc\u00e8s non autoris\u00e9.<br \/><u>D\u00e9sinscription du service<\/u> : pour ne plus recevoir la lettre d&rsquo;information, il suffit de s\u00e9lectionner le lien de d\u00e9sinscription \u00e0 la fin de chaque e-mail ou d&rsquo;envoyer une demande \u00e0 info@supersimonev8.com. L&rsquo;annulation est trait\u00e9e de mani\u00e8re automatis\u00e9e, ce qui permet de recevoir d&rsquo;autres bulletins d&rsquo;information dont l&rsquo;envoi \u00e9tait pr\u00e9vu avant la r\u00e9ception de la demande d&rsquo;annulation. Claudio Campesato est disponible pour apporter des pr\u00e9cisions sur le sujet.<\/p>\n<p><strong>5.4 Cookie <\/strong><strong><br \/><\/strong><u>Qu&rsquo;est-ce que c&rsquo;est ?<\/u> Les cookies sont des informations stock\u00e9es par le navigateur lorsqu&rsquo;un site web est visit\u00e9 avec un PC, un smartphone ou une tablette. Chaque cookie contient diverses donn\u00e9es (par exemple, le nom du serveur d&rsquo;o\u00f9 il provient, un identifiant num\u00e9rique, etc.) Les cookies peuvent rester dans le syst\u00e8me pendant la dur\u00e9e d&rsquo;une session (jusqu&rsquo;\u00e0 la fermeture du navigateur) ou pendant de longues p\u00e9riodes et peuvent contenir un code d&rsquo;identification unique.<br \/><u>\u00c0 quoi servent-ils ?<\/u> Les cookies sont utilis\u00e9s \u00e0 des fins diff\u00e9rentes selon leur type : certains sont strictement n\u00e9cessaires au bon fonctionnement du site (cookies techniques), tandis que d&rsquo;autres optimisent ses performances pour offrir une meilleure exp\u00e9rience \u00e0 l&rsquo;utilisateur ou permettent de recueillir des statistiques sur l&rsquo;utilisation du site, comme les cookies analytiques ; d&rsquo;autres encore servent \u00e0 afficher des publicit\u00e9s, dans certains cas personnalis\u00e9es gr\u00e2ce au profilage effectu\u00e9 (cookies de profilage).<br \/><u>Consentement<\/u> : tout consentement donn\u00e9 par l&rsquo;utilisateur est stock\u00e9 par Simm Imballaggi, dans la mesure de ses comp\u00e9tences, au moyen d&rsquo;un cookie technique d&rsquo;une dur\u00e9e de 12 mois. L&rsquo;utilisateur est inform\u00e9 \u00e0 la fois par la notice d&rsquo;information abr\u00e9g\u00e9e (banni\u00e8re affich\u00e9e lors de la premi\u00e8re visite sur le site jusqu&rsquo;\u00e0 ce que le consentement soit donn\u00e9 ou refus\u00e9, comme expliqu\u00e9 au point 5.4.3. \u00ab\u00a0Comment d\u00e9sactiver les cookies ?\u00a0\u00bb) et par la pr\u00e9sente notice d&rsquo;information \u00e9tendue ; en outre, le point 5.4.2. fournit des liens vers les politiques de confidentialit\u00e9 de tiers, \u00e9galement aux fins de les d\u00e9sactiver (lorsqu&rsquo;elles sont directement disponibles par leur interm\u00e9diaire). <br \/>Le consentement explicite, aux fins de la r\u00e9glementation en vigueur, est enregistr\u00e9 au moyen d&rsquo;un cookie technique install\u00e9 dans les cas suivants, qui requi\u00e8rent l&rsquo;intervention active de l&rsquo;utilisateur : la s\u00e9lection explicite du lien \u00ab\u00a0OK\u00a0\u00bb, ou la fermeture de la banni\u00e8re contenant la br\u00e8ve information, ou le d\u00e9filement de la page, ou la poursuite de la navigation. En supprimant les cookies relatifs \u00e0 ce site, le consentement sera r\u00e9voqu\u00e9 (la banni\u00e8re sera donc \u00e0 nouveau affich\u00e9e et les cookies de profilage de tiers ne seront install\u00e9s que si l&rsquo;utilisateur donne son consentement, comme l&rsquo;exige la l\u00e9gislation en vigueur).<br \/><u>Comment les d\u00e9sactiver ?<\/u> Vous pouvez d\u00e9sactiver les cookies soit par le biais des param\u00e8tres de votre navigateur (section 5.4.3 \u00ab\u00a0Comment d\u00e9sactiver les cookies ?\u00a0\u00bb), soit par le biais des m\u00e9canismes mis \u00e0 disposition par certains tiers (section 5.4.2 \u00ab\u00a0Types sp\u00e9cifiques de cookies utilis\u00e9s sur le site\u00a0\u00bb).<\/p>\n<p><strong>5.4.1 Types g\u00e9n\u00e9raux de cookies utilis\u00e9s sur le site <\/strong><strong><br \/><\/strong><u>Cookies techniques<\/u> : ils sont essentiels au bon fonctionnement du site <a href=\"http:\/\/www.simmimballaggi.com\/\" target=\"_blank\" rel=\"noopener\">www.supersimonev8.com<\/a> (par exemple, pour permettre l&rsquo;authentification sur le site et faciliter l&rsquo;achat de produits).<br \/><u>Cookies analytiques<\/u> (premi\u00e8re partie) : ils sont utilis\u00e9s \u00e0 des fins d&rsquo;analyse globale des visites sur le site.<br \/><u>Cookies analytiques<\/u> (tiers) : ils sont utilis\u00e9s \u00e0 des fins d&rsquo;analyse globale des visites sur le site, \u00e0 l&rsquo;aide d&rsquo;un service tiers.<br \/><u>Cookies de profilage ou de publicit\u00e9 (tiers)<\/u> : ils sont utilis\u00e9s pour diffuser des publicit\u00e9s, y compris des publicit\u00e9s bas\u00e9es sur les centres d&rsquo;int\u00e9r\u00eat. Ces cookies sont install\u00e9s par des tiers. Les noms des tiers et les liens vers les politiques correspondantes figurent dans le paragraphe suivant. En tout \u00e9tat de cause, ces cookies et les informations qu&rsquo;ils permettent d&rsquo;obtenir ne sont pas li\u00e9s au compte d&rsquo;utilisateur de Claudio Campesato.<\/p>\n<p><strong>5.4.2 Types sp\u00e9cifiques de cookies utilis\u00e9s sur le site<\/strong><br \/>Vous trouverez ci-dessous un r\u00e9sum\u00e9 des cookies sp\u00e9cifiques qui sont utilis\u00e9s :<\/p>\n<\/p>\n<table width=\"440\">\n<tbody>\n<tr>\n<td width=\"140\">\n<p>Nom<\/p>\n<\/td>\n<td width=\"129\">\n<p>Origine<\/p>\n<\/td>\n<td width=\"97\">\n<p>Objectif<\/p>\n<\/td>\n<td width=\"74\">\n<p>Localisation<\/p>\n<\/td>\n<\/tr>\n<tr>\n<td width=\"140\">\n<p>_ga<\/p>\n<\/td>\n<td width=\"129\">\n<p>Troisi\u00e8me partie<\/p>\n<p>(Google Analytics)<\/p>\n<\/td>\n<td width=\"97\">\n<p>Collecte de statistiques sur les visites<\/p>\n<\/td>\n<td width=\"74\">\n<p>Toutes les pages<\/p>\n<\/td>\n<\/tr>\n<tr>\n<td width=\"140\">\n<p>_gid<\/p>\n<\/td>\n<td width=\"129\">\n<p>Troisi\u00e8me partie<\/p>\n<p>(Google Tag Manager)<\/p>\n<\/td>\n<td width=\"97\">\n<p>Attivare altri TAG Javascript<\/p>\n<\/td>\n<td width=\"74\">\n<p>Toutes les pages<\/p>\n<\/td>\n<\/tr>\n<tr>\n<td width=\"140\">\n<p>cookieAcceptanceCookie<\/p>\n<\/td>\n<td width=\"129\">\n<p>.simmimballaggi.com<\/p>\n<\/td>\n<td width=\"97\">\n<p>Accepted<\/p>\n<\/td>\n<td width=\"74\">\n<p>Toutes les pages<\/p>\n<\/td>\n<\/tr>\n<tr>\n<td width=\"140\">\n<p>fr<\/p>\n<\/td>\n<td width=\"129\">\n<p>.facebook.com<\/p>\n<\/td>\n<td width=\"97\">\n<p>ID di Facebook criptato e ID del browser<\/p>\n<\/td>\n<td width=\"74\">\n<p>Toutes les pages<\/p>\n<\/td>\n<\/tr>\n<tr>\n<td width=\"140\">\n<p>UULE<\/p>\n<\/td>\n<td width=\"129\">\n<p>.google.it<\/p>\n<\/td>\n<td width=\"97\">\n<p>Statistiche di google<\/p>\n<\/td>\n<td width=\"74\">\n<\/td>\n<\/tr>\n<tr>\n<td width=\"140\">\n<p>CONSENT<\/p>\n<\/td>\n<td width=\"129\">\n<p>.google.com<\/p>\n<\/td>\n<td width=\"97\">\n<p>Statistiques Google<\/p>\n<\/td>\n<td width=\"74\">\n<p>Toutes les pages<\/p>\n<\/td>\n<\/tr>\n<tr>\n<td width=\"140\">\n<p>CONSENT<\/p>\n<\/td>\n<td width=\"129\">\n<p>.google.it<\/p>\n<\/td>\n<td width=\"97\">\n<p>Statistiques Google<\/p>\n<\/td>\n<td width=\"74\">\n<p>Toutes les pages<\/p>\n<\/td>\n<\/tr>\n<tr>\n<td width=\"140\">\n<p>DV<\/p>\n<\/td>\n<td width=\"129\">\n<p>.google.it<\/p>\n<\/td>\n<td width=\"97\">\n<p>Statistiques Google<\/p>\n<\/td>\n<td width=\"74\">\n<p>Toutes les pages<\/p>\n<\/td>\n<\/tr>\n<tr>\n<td width=\"140\">\n<p>NID<\/p>\n<\/td>\n<td width=\"129\">\n<p>.google.it<\/p>\n<\/td>\n<td width=\"97\">\n<p>Personnalisation des annonces Google<\/p>\n<\/td>\n<td width=\"74\">\n<p>Toutes les pages<\/p>\n<\/td>\n<\/tr>\n<tr>\n<td width=\"140\">\n<p>NID<\/p>\n<\/td>\n<td width=\"129\">\n<p>.google.com<\/p>\n<\/td>\n<td width=\"97\">\n<p>Personnalisation des annonces Google<\/p>\n<\/td>\n<td width=\"74\">\n<p>Toutes les pages<\/p>\n<\/td>\n<\/tr>\n<tr>\n<td width=\"140\">\n<p>1P_JAR<\/p>\n<\/td>\n<td width=\"129\">\n<p>.google.it<\/p>\n<\/td>\n<td width=\"97\">\n<p>Statistiques Google<\/p>\n<\/td>\n<td width=\"74\">\n<p>Toutes les pages<\/p>\n<\/td>\n<\/tr>\n<\/tbody>\n<\/table>\n<p><strong>Art. 7 d.lgs.s 196\/2003 (Droit d&rsquo;acc\u00e8s aux donn\u00e9es personnelles et autres droits)<\/strong><br \/><em>1. La personne concern\u00e9e a le droit d&rsquo;obtenir la confirmation de l&rsquo;existence ou non de donn\u00e9es \u00e0 caract\u00e8re personnel la concernant, m\u00eame si elles ne sont pas encore enregistr\u00e9es, ainsi que la communication de ces donn\u00e9es sous une forme intelligible.<\/em><br \/><em>2. La personne concern\u00e9e a le droit d&rsquo;\u00eatre inform\u00e9e :<\/em><br \/><em>(a) l&rsquo;origine des donn\u00e9es \u00e0 caract\u00e8re personnel ;<\/em><br \/><em>(b) les finalit\u00e9s et les modalit\u00e9s du traitement ;<\/em><br \/><em>(c) la logique appliqu\u00e9e en cas de traitement par des moyens \u00e9lectroniques ;<\/em><br \/><em>(d) les donn\u00e9es d&rsquo;identification du d\u00e9tenteur, des personnes responsables et du repr\u00e9sentant d\u00e9sign\u00e9 conform\u00e9ment \u00e0 l&rsquo;article 5, paragraphe 2 ;<\/em><br \/><em>e) les sujets ou les cat\u00e9gories de sujets auxquels les donn\u00e9es personnelles peuvent \u00eatre communiqu\u00e9es ou qui peuvent en prendre connaissance en qualit\u00e9 de repr\u00e9sentant d\u00e9sign\u00e9 sur le territoire de l&rsquo;Etat, de responsables ou de mandataires.<\/em><br \/><em>3. La personne concern\u00e9e a le droit d&rsquo;obtenir<\/em><br \/><em>(a) la mise \u00e0 jour, la rectification ou, le cas \u00e9ch\u00e9ant, l&rsquo;int\u00e9gration des donn\u00e9es ;<\/em><br \/><em>b) la suppression, la transformation sous forme anonyme ou le verrouillage des donn\u00e9es trait\u00e9es en violation de la loi, y compris les donn\u00e9es dont la conservation n&rsquo;est pas n\u00e9cessaire au regard des finalit\u00e9s pour lesquelles elles ont \u00e9t\u00e9 collect\u00e9es ou trait\u00e9es ult\u00e9rieurement ;<\/em><br \/><em>(c) l&rsquo;attestation que les transactions vis\u00e9es aux points a) e (b) ont \u00e9t\u00e9 port\u00e9es \u00e0 la connaissance, y compris en ce qui concerne leur contenu, des personnes auxquelles les donn\u00e9es ont \u00e9t\u00e9 communiqu\u00e9es ou diffus\u00e9es, sauf si cela s&rsquo;av\u00e8re impossible ou implique un effort manifestement disproportionn\u00e9 par rapport au droit prot\u00e9g\u00e9.<\/em><br \/><em>4. La personne concern\u00e9e a le droit de s&rsquo;opposer, en tout ou en partie :<\/em><br \/><em>a) pour des motifs l\u00e9gitimes de traiter des donn\u00e9es \u00e0 caract\u00e8re personnel le concernant, m\u00eame si elles sont pertinentes par rapport \u00e0 la finalit\u00e9 de la collecte ;<\/em><br \/><em>b) le traitement des donn\u00e9es \u00e0 caract\u00e8re personnel le concernant dans le but d&rsquo;envoyer de la publicit\u00e9 ou du mat\u00e9riel de vente directe ou de r\u00e9aliser des \u00e9tudes de march\u00e9 ou des communications commerciales.<\/em><\/p>\n\t\t\t\t\t\t\t\t<\/div>\n\t\t\t\t<\/div>\n\t\t\t\t\t<\/div>\n\t\t<\/div>\n\t\t\t\t\t<\/div>\n\t\t<\/section>\n\t\t\t\t<\/div>\n\t\t","protected":false},"excerpt":{"rendered":"<p>COOKIE POLICY La pr\u00e9sente note d&rsquo;information (ou \u00ab\u00a0politique de confidentialit\u00e9\u00a0\u00bb) d\u00e9crit la gestion du site web www.supersimonev8.com en ce qui concerne le traitement des donn\u00e9es personnelles des utilisateurs qui le consultent et des clients qui concluent un contrat Claudio Campesato La pr\u00e9sente note d&rsquo;information est fournie conform\u00e9ment \u00e0 l&rsquo;art. 13 d.lgs. 196\/2003 (Code de protection [&hellip;]<\/p>\n","protected":false},"author":8,"featured_media":0,"parent":0,"menu_order":0,"comment_status":"closed","ping_status":"closed","template":"","meta":{"ocean_post_layout":"","ocean_both_sidebars_style":"","ocean_both_sidebars_content_width":0,"ocean_both_sidebars_sidebars_width":0,"ocean_sidebar":"0","ocean_second_sidebar":"0","ocean_disable_margins":"enable","ocean_add_body_class":"","ocean_shortcode_before_top_bar":"","ocean_shortcode_after_top_bar":"","ocean_shortcode_before_header":"","ocean_shortcode_after_header":"","ocean_has_shortcode":"","ocean_shortcode_after_title":"","ocean_shortcode_before_footer_widgets":"","ocean_shortcode_after_footer_widgets":"","ocean_shortcode_before_footer_bottom":"","ocean_shortcode_after_footer_bottom":"","ocean_display_top_bar":"default","ocean_display_header":"default","ocean_header_style":"","ocean_center_header_left_menu":"0","ocean_custom_header_template":"0","ocean_custom_logo":0,"ocean_custom_retina_logo":0,"ocean_custom_logo_max_width":0,"ocean_custom_logo_tablet_max_width":0,"ocean_custom_logo_mobile_max_width":0,"ocean_custom_logo_max_height":0,"ocean_custom_logo_tablet_max_height":0,"ocean_custom_logo_mobile_max_height":0,"ocean_header_custom_menu":"0","ocean_menu_typo_font_family":"0","ocean_menu_typo_font_subset":"","ocean_menu_typo_font_size":0,"ocean_menu_typo_font_size_tablet":0,"ocean_menu_typo_font_size_mobile":0,"ocean_menu_typo_font_size_unit":"px","ocean_menu_typo_font_weight":"","ocean_menu_typo_font_weight_tablet":"","ocean_menu_typo_font_weight_mobile":"","ocean_menu_typo_transform":"","ocean_menu_typo_transform_tablet":"","ocean_menu_typo_transform_mobile":"","ocean_menu_typo_line_height":0,"ocean_menu_typo_line_height_tablet":0,"ocean_menu_typo_line_height_mobile":0,"ocean_menu_typo_line_height_unit":"","ocean_menu_typo_spacing":0,"ocean_menu_typo_spacing_tablet":0,"ocean_menu_typo_spacing_mobile":0,"ocean_menu_typo_spacing_unit":"","ocean_menu_link_color":"","ocean_menu_link_color_hover":"","ocean_menu_link_color_active":"","ocean_menu_link_background":"","ocean_menu_link_hover_background":"","ocean_menu_link_active_background":"","ocean_menu_social_links_bg":"","ocean_menu_social_hover_links_bg":"","ocean_menu_social_links_color":"","ocean_menu_social_hover_links_color":"","ocean_disable_title":"default","ocean_disable_heading":"default","ocean_post_title":"","ocean_post_subheading":"","ocean_post_title_style":"","ocean_post_title_background_color":"","ocean_post_title_background":0,"ocean_post_title_bg_image_position":"","ocean_post_title_bg_image_attachment":"","ocean_post_title_bg_image_repeat":"","ocean_post_title_bg_image_size":"","ocean_post_title_height":0,"ocean_post_title_bg_overlay":0.5,"ocean_post_title_bg_overlay_color":"","ocean_disable_breadcrumbs":"default","ocean_breadcrumbs_color":"","ocean_breadcrumbs_separator_color":"","ocean_breadcrumbs_links_color":"","ocean_breadcrumbs_links_hover_color":"","ocean_display_footer_widgets":"default","ocean_display_footer_bottom":"default","ocean_custom_footer_template":"0","omw_enable_modal_window":"enable","_joinchat":[],"footnotes":""},"class_list":["post-1101","page","type-page","status-publish","hentry","entry","owp-thumbs-layout-horizontal","owp-btn-normal","owp-tabs-layout-horizontal","has-no-thumbnails","has-product-nav"],"_links":{"self":[{"href":"https:\/\/supersimonev8.com\/fr\/wp-json\/wp\/v2\/pages\/1101","targetHints":{"allow":["GET"]}}],"collection":[{"href":"https:\/\/supersimonev8.com\/fr\/wp-json\/wp\/v2\/pages"}],"about":[{"href":"https:\/\/supersimonev8.com\/fr\/wp-json\/wp\/v2\/types\/page"}],"author":[{"embeddable":true,"href":"https:\/\/supersimonev8.com\/fr\/wp-json\/wp\/v2\/users\/8"}],"replies":[{"embeddable":true,"href":"https:\/\/supersimonev8.com\/fr\/wp-json\/wp\/v2\/comments?post=1101"}],"version-history":[{"count":1,"href":"https:\/\/supersimonev8.com\/fr\/wp-json\/wp\/v2\/pages\/1101\/revisions"}],"predecessor-version":[{"id":1102,"href":"https:\/\/supersimonev8.com\/fr\/wp-json\/wp\/v2\/pages\/1101\/revisions\/1102"}],"wp:attachment":[{"href":"https:\/\/supersimonev8.com\/fr\/wp-json\/wp\/v2\/media?parent=1101"}],"curies":[{"name":"wp","href":"https:\/\/api.w.org\/{rel}","templated":true}]}}