{"id":2230,"date":"2025-08-13T17:54:59","date_gmt":"2025-08-13T16:54:59","guid":{"rendered":"https:\/\/supersimonev8.com\/shop\/senza-categoria\/veste-styleisnotcrime\/"},"modified":"2025-03-13T19:19:42","modified_gmt":"2025-03-13T18:19:42","slug":"veste-styleisnotcrime","status":"publish","type":"product","link":"https:\/\/supersimonev8.com\/fr\/product\/jacket-fr\/veste-styleisnotcrime\/","title":{"rendered":"Veste #StyleIsNotCrime"},"content":{"rendered":"<h2>Veste #StyleIsNotCrime<\/h2>\n<p><strong>Veste pour homme<\/strong> en 100% polyamide\/nylon taslon non rembourr\u00e9, doubl\u00e9e de maille avec ouverture zipp\u00e9e en bas, permettant un maintien dans toutes les positions sans contrainte ni \u00e9tranglement.<\/p>\n<p>&#8211; Deux poches ext\u00e9rieures avec fermeture \u00e0 glissi\u00e8re<br \/>\n&#8211; Une poche portefeuille int\u00e9rieure<br \/>\n&#8211; Poignets et ourlets \u00e9lastiques en tricot avec passepoil Holland Style<\/p>\n<p>&nbsp;<\/p>\n<div class=\"title title-sub\"><strong>Coupe :<\/strong> Regular<br \/>\n<strong>Couleur : <\/strong>NAVY<br \/>\n<strong>Tailles : <\/strong>XS, S, M, L, XL, XXL, 3XL, 4XL<br \/>\n<strong>POIDS :<\/strong> 195 g\/m\u00b2<\/div>\n<p>&nbsp;<\/p>\n<p><strong>Instructions de lavage<\/strong><\/p>\n<p><img decoding=\"async\" class=\"alignnone size-medium wp-image-2211\" src=\"https:\/\/supersimonev8.com\/wp-content\/uploads\/2025\/03\/LAVAGGIO-300x52.png\" alt=\"\" width=\"300\" height=\"52\" srcset=\"https:\/\/supersimonev8.com\/wp-content\/uploads\/2025\/03\/LAVAGGIO-300x52.png 300w, https:\/\/supersimonev8.com\/wp-content\/uploads\/2025\/03\/LAVAGGIO.png 430w\" sizes=\"(max-width: 300px) 100vw, 300px\" \/><\/p>\n<p>&nbsp;<\/p>\n<p><strong>Tableau des tailles (CM)<\/strong><\/p>\n<p><img fetchpriority=\"high\" decoding=\"async\" class=\"alignnone wp-image-2214 \" src=\"https:\/\/supersimonev8.com\/wp-content\/uploads\/2025\/03\/MISURE-300x271.png\" alt=\"\" width=\"445\" height=\"402\" srcset=\"https:\/\/supersimonev8.com\/wp-content\/uploads\/2025\/03\/MISURE-300x271.png 300w, https:\/\/supersimonev8.com\/wp-content\/uploads\/2025\/03\/MISURE-768x693.png 768w, https:\/\/supersimonev8.com\/wp-content\/uploads\/2025\/03\/MISURE-454x410.png 454w, https:\/\/supersimonev8.com\/wp-content\/uploads\/2025\/03\/MISURE.png 840w\" sizes=\"(max-width: 445px) 100vw, 445px\" \/><\/p>\n","protected":false},"excerpt":{"rendered":"<p data-start=\"60\" data-end=\"179\"><span class=\"relative -mx-px my-[-0.2rem] rounded px-px py-[0.2rem]\">Cette veste, inspir\u00e9e des couleurs hollandaises, a \u00e9t\u00e9 cr\u00e9\u00e9e pour offrir confort et style pendant la saison printani\u00e8re. <\/span><span class=\"relative -mx-px my-[-0.2rem] rounded px-px py-[0.2rem]\">Fabriqu\u00e9e dans un tissu l\u00e9ger et durable, elle garantit la libert\u00e9 de mouvement et la protection lors des journ\u00e9es plus fra\u00eeches.<\/span><\/p>\n<p data-start=\"181\" data-end=\"212\"><strong data-start=\"181\" data-end=\"212\">Caract\u00e9ristiques principales :<\/strong><\/p>\n<ul data-start=\"214\" data-end=\"648\">\n<li data-start=\"214\" data-end=\"319\"><strong data-start=\"216\" data-end=\"237\">Design exclusif : <\/strong><span class=\"relative -mx-px my-[-0.2rem] rounded px-px py-[0.2rem]\">logo Super Simone V8 sur la poitrine, inscription \u00ab Style is not Crime \u00bb dans le dos \u00e0 hauteur des \u00e9paules et \u00e9cusson \u00ab Style is not Crime \u00bb sur le bras droit.<\/span><\/li>\n<li data-start=\"320\" data-end=\"429\"><strong data-start=\"322\" data-end=\"347\">Mat\u00e9riau de qualit\u00e9 :<\/strong> <span class=\"relative -mx-px my-[-0.2rem] rounded px-px py-[0.2rem]\">tissu respirant et durable, id\u00e9al pour un usage quotidien.<\/span><\/li>\n<li data-start=\"430\" data-end=\"537\"><strong data-start=\"432\" data-end=\"455\">Coupe confortable : <\/strong><span class=\"relative -mx-px my-[-0.2rem] rounded px-px py-[0.2rem]\">coupe ergonomique pour le confort pendant la conduite et les activit\u00e9s quotidiennes.<\/span><\/li>\n<li data-start=\"538\" data-end=\"648\"><strong data-start=\"540\" data-end=\"564\">D\u00e9tails fonctionnels : <\/strong><span class=\"relative -mx-px my-[-0.2rem] rounded px-px py-[0.2rem]\">fermeture \u00e0 glissi\u00e8re robuste sur le devant, multiples poches pour ranger l&rsquo;essentiel et poignets \u00e9lastiques pour un meilleur ajustement.<\/span><\/li>\n<\/ul>\n<p data-start=\"650\" data-end=\"735\"><span class=\"relative -mx-px my-[-0.2rem] rounded px-px py-[0.2rem]\">Choisissez la veste \u00ab Le style n&rsquo;est pas un crime \u00bb pour vous d\u00e9marquer avec le style inimitable de Super Simone V8.<\/span><\/p>\n<p><strong>Mati\u00e8re<br \/>\n<\/strong>Veste taslan 100 % polyamide\/nylon<\/p>\n","protected":false},"featured_media":2228,"comment_status":"open","ping_status":"closed","template":"","meta":{"ocean_post_layout":"","ocean_both_sidebars_style":"","ocean_both_sidebars_content_width":0,"ocean_both_sidebars_sidebars_width":0,"ocean_sidebar":"0","ocean_second_sidebar":"0","ocean_disable_margins":"enable","ocean_add_body_class":"","ocean_shortcode_before_top_bar":"","ocean_shortcode_after_top_bar":"","ocean_shortcode_before_header":"","ocean_shortcode_after_header":"","ocean_has_shortcode":"","ocean_shortcode_after_title":"","ocean_shortcode_before_footer_widgets":"","ocean_shortcode_after_footer_widgets":"","ocean_shortcode_before_footer_bottom":"","ocean_shortcode_after_footer_bottom":"","ocean_display_top_bar":"default","ocean_display_header":"default","ocean_header_style":"","ocean_center_header_left_menu":"0","ocean_custom_header_template":"0","ocean_custom_logo":0,"ocean_custom_retina_logo":0,"ocean_custom_logo_max_width":0,"ocean_custom_logo_tablet_max_width":0,"ocean_custom_logo_mobile_max_width":0,"ocean_custom_logo_max_height":0,"ocean_custom_logo_tablet_max_height":0,"ocean_custom_logo_mobile_max_height":0,"ocean_header_custom_menu":"0","ocean_menu_typo_font_family":"0","ocean_menu_typo_font_subset":"","ocean_menu_typo_font_size":0,"ocean_menu_typo_font_size_tablet":0,"ocean_menu_typo_font_size_mobile":0,"ocean_menu_typo_font_size_unit":"px","ocean_menu_typo_font_weight":"","ocean_menu_typo_font_weight_tablet":"","ocean_menu_typo_font_weight_mobile":"","ocean_menu_typo_transform":"","ocean_menu_typo_transform_tablet":"","ocean_menu_typo_transform_mobile":"","ocean_menu_typo_line_height":0,"ocean_menu_typo_line_height_tablet":0,"ocean_menu_typo_line_height_mobile":0,"ocean_menu_typo_line_height_unit":"","ocean_menu_typo_spacing":0,"ocean_menu_typo_spacing_tablet":0,"ocean_menu_typo_spacing_mobile":0,"ocean_menu_typo_spacing_unit":"","ocean_menu_link_color":"","ocean_menu_link_color_hover":"","ocean_menu_link_color_active":"","ocean_menu_link_background":"","ocean_menu_link_hover_background":"","ocean_menu_link_active_background":"","ocean_menu_social_links_bg":"","ocean_menu_social_hover_links_bg":"","ocean_menu_social_links_color":"","ocean_menu_social_hover_links_color":"","ocean_disable_title":"default","ocean_disable_heading":"default","ocean_post_title":"","ocean_post_subheading":"","ocean_post_title_style":"","ocean_post_title_background_color":"","ocean_post_title_background":0,"ocean_post_title_bg_image_position":"","ocean_post_title_bg_image_attachment":"","ocean_post_title_bg_image_repeat":"","ocean_post_title_bg_image_size":"","ocean_post_title_height":0,"ocean_post_title_bg_overlay":0.5,"ocean_post_title_bg_overlay_color":"","ocean_disable_breadcrumbs":"default","ocean_breadcrumbs_color":"","ocean_breadcrumbs_separator_color":"","ocean_breadcrumbs_links_color":"","ocean_breadcrumbs_links_hover_color":"","ocean_display_footer_widgets":"default","ocean_display_footer_bottom":"default","ocean_custom_footer_template":"0","omw_enable_modal_window":"enable","_joinchat":[]},"product_brand":[],"product_cat":[182],"product_tag":[102],"class_list":{"0":"post-2230","1":"product","2":"type-product","3":"status-publish","4":"has-post-thumbnail","6":"product_cat-jacket-fr","7":"product_tag-styleisnotcrime-fr","9":"entry","10":"has-media","12":"first","13":"instock","14":"shipping-taxable","15":"purchasable","16":"product-type-variable","17":"has-product-nav","18":"col","19":"span_1_of_3","20":"owp-content-center","21":"owp-thumbs-layout-horizontal","22":"owp-btn-normal","23":"owp-tabs-layout-horizontal"},"_links":{"self":[{"href":"https:\/\/supersimonev8.com\/fr\/wp-json\/wp\/v2\/product\/2230","targetHints":{"allow":["GET"]}}],"collection":[{"href":"https:\/\/supersimonev8.com\/fr\/wp-json\/wp\/v2\/product"}],"about":[{"href":"https:\/\/supersimonev8.com\/fr\/wp-json\/wp\/v2\/types\/product"}],"replies":[{"embeddable":true,"href":"https:\/\/supersimonev8.com\/fr\/wp-json\/wp\/v2\/comments?post=2230"}],"wp:featuredmedia":[{"embeddable":true,"href":"https:\/\/supersimonev8.com\/fr\/wp-json\/wp\/v2\/media\/2228"}],"wp:attachment":[{"href":"https:\/\/supersimonev8.com\/fr\/wp-json\/wp\/v2\/media?parent=2230"}],"wp:term":[{"taxonomy":"product_brand","embeddable":true,"href":"https:\/\/supersimonev8.com\/fr\/wp-json\/wp\/v2\/product_brand?post=2230"},{"taxonomy":"product_cat","embeddable":true,"href":"https:\/\/supersimonev8.com\/fr\/wp-json\/wp\/v2\/product_cat?post=2230"},{"taxonomy":"product_tag","embeddable":true,"href":"https:\/\/supersimonev8.com\/fr\/wp-json\/wp\/v2\/product_tag?post=2230"}],"curies":[{"name":"wp","href":"https:\/\/api.w.org\/{rel}","templated":true}]}}