{"id":2341,"date":"2025-12-12T10:30:47","date_gmt":"2025-12-12T09:30:47","guid":{"rendered":"https:\/\/supersimonev8.com\/?post_type=product&#038;p=2341"},"modified":"2026-01-26T17:30:25","modified_gmt":"2026-01-26T16:30:25","slug":"sweatshirt-mammamialapolizia","status":"publish","type":"product","link":"https:\/\/supersimonev8.com\/fr\/product\/sweatshirt\/sweatshirt-mammamialapolizia\/","title":{"rendered":"Sweatshirt #MammaMiaLaPolizia"},"content":{"rendered":"<p><strong>Instructions de lavage<\/strong><\/p>\n<ul>\n<li>Laver avec un cycle normal \u00e0 une temp\u00e9rature maximale de 30 \u00b0C.<\/li>\n<li>Repassez \u00e0 l&rsquo;envers avec le fer non chaud, c&rsquo;est-\u00e0-dire jusqu&rsquo;\u00e0 une temp\u00e9rature maximale de 110 \u00b0C, de pr\u00e9f\u00e9rence sans vapeur.<\/li>\n<li>Ne pas s\u00e9cher dans le s\u00e8che-linge.<\/li>\n<li>Ne pas nettoyer \u00e0 sec.<\/li>\n<li>Le v\u00eatement ne doit pas \u00eatre trait\u00e9 \u00e0 l&rsquo;eau de Javel, c&rsquo;est-\u00e0-dire qu&rsquo;il ne doit \u00eatre lav\u00e9 qu&rsquo;avec du liquide vaisselle pour v\u00eatements de couleur ou d\u00e9licats.<\/li>\n<\/ul>\n<p><strong>Conseil <\/strong>: apr\u00e8s le lavage, il est possible d&rsquo;\u00e9claircir les couleurs vives en repassant le v\u00eatement \u00e0 l&rsquo;envers, mais sans vapeur !<\/p>\n<p><img fetchpriority=\"high\" decoding=\"async\" class=\"wp-image-553 size-medium aligncenter\" src=\"https:\/\/supersimonev8.com\/wp-content\/uploads\/2023\/04\/tabella-taglie-felpe-300x264.png\" alt=\"\" width=\"300\" height=\"264\" srcset=\"https:\/\/supersimonev8.com\/wp-content\/uploads\/2023\/04\/tabella-taglie-felpe-300x264.png 300w, https:\/\/supersimonev8.com\/wp-content\/uploads\/2023\/04\/tabella-taglie-felpe.png 371w\" sizes=\"(max-width: 300px) 100vw, 300px\" \/><\/p>\n","protected":false},"excerpt":{"rendered":"<p>Sweatshirt unisex<\/p>\n<ul>\n<li>Tr\u00e8s doux au toucher.<\/li>\n<li>Int\u00e9rieur bross\u00e9.<\/li>\n<li>Capuche en jersey simple doubl\u00e9e avec cordon de serrage \u00e0 la mode.<\/li>\n<li>Poches situ\u00e9es dans les coutures lat\u00e9rales.<\/li>\n<li>Coupe r\u00e9guli\u00e8re<\/li>\n<\/ul>\n<p><strong>Mati\u00e8re<\/strong> 80% coton, pr\u00e9-r\u00e9tr\u00e9ci, peign\u00e9 ring-spun (bio), 20% polyester (recycl\u00e9)<\/p>\n","protected":false},"featured_media":2347,"comment_status":"open","ping_status":"closed","template":"","meta":{"ocean_post_layout":"","ocean_both_sidebars_style":"","ocean_both_sidebars_content_width":0,"ocean_both_sidebars_sidebars_width":0,"ocean_sidebar":"0","ocean_second_sidebar":"0","ocean_disable_margins":"enable","ocean_add_body_class":"","ocean_shortcode_before_top_bar":"","ocean_shortcode_after_top_bar":"","ocean_shortcode_before_header":"","ocean_shortcode_after_header":"","ocean_has_shortcode":"","ocean_shortcode_after_title":"","ocean_shortcode_before_footer_widgets":"","ocean_shortcode_after_footer_widgets":"","ocean_shortcode_before_footer_bottom":"","ocean_shortcode_after_footer_bottom":"","ocean_display_top_bar":"default","ocean_display_header":"default","ocean_header_style":"","ocean_center_header_left_menu":"0","ocean_custom_header_template":"0","ocean_custom_logo":0,"ocean_custom_retina_logo":0,"ocean_custom_logo_max_width":0,"ocean_custom_logo_tablet_max_width":0,"ocean_custom_logo_mobile_max_width":0,"ocean_custom_logo_max_height":0,"ocean_custom_logo_tablet_max_height":0,"ocean_custom_logo_mobile_max_height":0,"ocean_header_custom_menu":"0","ocean_menu_typo_font_family":"0","ocean_menu_typo_font_subset":"","ocean_menu_typo_font_size":0,"ocean_menu_typo_font_size_tablet":0,"ocean_menu_typo_font_size_mobile":0,"ocean_menu_typo_font_size_unit":"px","ocean_menu_typo_font_weight":"","ocean_menu_typo_font_weight_tablet":"","ocean_menu_typo_font_weight_mobile":"","ocean_menu_typo_transform":"","ocean_menu_typo_transform_tablet":"","ocean_menu_typo_transform_mobile":"","ocean_menu_typo_line_height":0,"ocean_menu_typo_line_height_tablet":0,"ocean_menu_typo_line_height_mobile":0,"ocean_menu_typo_line_height_unit":"","ocean_menu_typo_spacing":0,"ocean_menu_typo_spacing_tablet":0,"ocean_menu_typo_spacing_mobile":0,"ocean_menu_typo_spacing_unit":"","ocean_menu_link_color":"","ocean_menu_link_color_hover":"","ocean_menu_link_color_active":"","ocean_menu_link_background":"","ocean_menu_link_hover_background":"","ocean_menu_link_active_background":"","ocean_menu_social_links_bg":"","ocean_menu_social_hover_links_bg":"","ocean_menu_social_links_color":"","ocean_menu_social_hover_links_color":"","ocean_disable_title":"default","ocean_disable_heading":"default","ocean_post_title":"","ocean_post_subheading":"","ocean_post_title_style":"","ocean_post_title_background_color":"","ocean_post_title_background":0,"ocean_post_title_bg_image_position":"","ocean_post_title_bg_image_attachment":"","ocean_post_title_bg_image_repeat":"","ocean_post_title_bg_image_size":"","ocean_post_title_height":0,"ocean_post_title_bg_overlay":0.5,"ocean_post_title_bg_overlay_color":"","ocean_disable_breadcrumbs":"default","ocean_breadcrumbs_color":"","ocean_breadcrumbs_separator_color":"","ocean_breadcrumbs_links_color":"","ocean_breadcrumbs_links_hover_color":"","ocean_display_footer_widgets":"default","ocean_display_footer_bottom":"default","ocean_custom_footer_template":"0","omw_enable_modal_window":"enable","_joinchat":[]},"product_brand":[],"product_cat":[79],"product_tag":[103],"class_list":{"0":"post-2341","1":"product","2":"type-product","3":"status-publish","4":"has-post-thumbnail","6":"product_cat-sweatshirt","7":"product_tag-fuckyougreta-fr","8":"pa_colours-asphalte","9":"pa_colours-noir","10":"pa_colours-vert","11":"pa_sizes-3xl-fr","12":"pa_sizes-l-fr","13":"pa_sizes-m-fr","14":"pa_sizes-s-fr","15":"pa_sizes-xl-fr","16":"pa_sizes-xxl-fr","18":"entry","19":"has-media","21":"first","22":"instock","23":"shipping-taxable","24":"purchasable","25":"product-type-variable","26":"has-product-nav","27":"col","28":"span_1_of_3","29":"owp-content-center","30":"owp-thumbs-layout-horizontal","31":"owp-btn-normal","32":"owp-tabs-layout-horizontal"},"_links":{"self":[{"href":"https:\/\/supersimonev8.com\/fr\/wp-json\/wp\/v2\/product\/2341","targetHints":{"allow":["GET"]}}],"collection":[{"href":"https:\/\/supersimonev8.com\/fr\/wp-json\/wp\/v2\/product"}],"about":[{"href":"https:\/\/supersimonev8.com\/fr\/wp-json\/wp\/v2\/types\/product"}],"replies":[{"embeddable":true,"href":"https:\/\/supersimonev8.com\/fr\/wp-json\/wp\/v2\/comments?post=2341"}],"wp:featuredmedia":[{"embeddable":true,"href":"https:\/\/supersimonev8.com\/fr\/wp-json\/wp\/v2\/media\/2347"}],"wp:attachment":[{"href":"https:\/\/supersimonev8.com\/fr\/wp-json\/wp\/v2\/media?parent=2341"}],"wp:term":[{"taxonomy":"product_brand","embeddable":true,"href":"https:\/\/supersimonev8.com\/fr\/wp-json\/wp\/v2\/product_brand?post=2341"},{"taxonomy":"product_cat","embeddable":true,"href":"https:\/\/supersimonev8.com\/fr\/wp-json\/wp\/v2\/product_cat?post=2341"},{"taxonomy":"product_tag","embeddable":true,"href":"https:\/\/supersimonev8.com\/fr\/wp-json\/wp\/v2\/product_tag?post=2341"}],"curies":[{"name":"wp","href":"https:\/\/api.w.org\/{rel}","templated":true}]}}